{"id":20,"date":"2024-02-21T11:51:15","date_gmt":"2024-02-21T10:51:15","guid":{"rendered":"https:\/\/ramtai.de\/?page_id=20"},"modified":"2024-03-11T18:30:26","modified_gmt":"2024-03-11T17:30:26","slug":"kontakt","status":"publish","type":"page","link":"https:\/\/ramtai.de\/lv\/","title":{"rendered":"S\u0101kums"},"content":{"rendered":"<p class=\"wp-block-paragraph\">Sveiki un Hallo!<\/p>\n\n\n\n<p class=\"wp-block-paragraph\">Laipni l\u016bgti Reinzemes latvie\u0161u kora Ramtai m\u0101jaslap\u0101! Ja J\u016bs interes\u0113 latvie\u0161u kora m\u016bzika un varb\u016bt pat v\u0113laties dzied\u0101t kop\u0101 ar mums, J\u016bs esat non\u0101ku\u0161i \u012bstaj\u0101 viet\u0101. Apskatieties un nekautr\u0113jieties sazin\u0101ties ar mums!<\/p>","protected":false},"excerpt":{"rendered":"<p>Hallo und Sveiki! Willkommen auf der Webseite des rheinisch-lettischen Chors Ramtai! Wenn Ihr Interesse an lettischer Chormusik habt und vielleicht sogar selber mitsingen m\u00f6chtet, seid Ihr hier richtig. Schaut Euch um und kontaktiert uns gerne!<\/p>","protected":false},"author":246161285,"featured_media":0,"parent":0,"menu_order":0,"comment_status":"closed","ping_status":"closed","template":"","meta":{"_crdt_document":"","advanced_seo_description":"","jetpack_seo_html_title":"","jetpack_seo_noindex":false,"footnotes":""},"tags":[],"class_list":["post-20","page","type-page","status-publish","hentry","without-featured-image"],"jetpack_likes_enabled":true,"jetpack_sharing_enabled":true,"jetpack_shortlink":"https:\/\/wp.me\/PfuJpM-k","jetpack-related-posts":[],"_links":{"self":[{"href":"https:\/\/ramtai.de\/lv\/wp-json\/wp\/v2\/pages\/20","targetHints":{"allow":["GET"]}}],"collection":[{"href":"https:\/\/ramtai.de\/lv\/wp-json\/wp\/v2\/pages"}],"about":[{"href":"https:\/\/ramtai.de\/lv\/wp-json\/wp\/v2\/types\/page"}],"author":[{"embeddable":true,"href":"https:\/\/ramtai.de\/lv\/wp-json\/wp\/v2\/users\/246161285"}],"replies":[{"embeddable":true,"href":"https:\/\/ramtai.de\/lv\/wp-json\/wp\/v2\/comments?post=20"}],"version-history":[{"count":10,"href":"https:\/\/ramtai.de\/lv\/wp-json\/wp\/v2\/pages\/20\/revisions"}],"predecessor-version":[{"id":235,"href":"https:\/\/ramtai.de\/lv\/wp-json\/wp\/v2\/pages\/20\/revisions\/235"}],"wp:attachment":[{"href":"https:\/\/ramtai.de\/lv\/wp-json\/wp\/v2\/media?parent=20"}],"wp:term":[{"taxonomy":"post_tag","embeddable":true,"href":"https:\/\/ramtai.de\/lv\/wp-json\/wp\/v2\/tags?post=20"}],"curies":[{"name":"wp","href":"https:\/\/api.w.org\/{rel}","templated":true}]}}