{"id":538,"date":"2024-09-22T10:37:36","date_gmt":"2024-09-22T08:37:36","guid":{"rendered":"https:\/\/ramtai.de\/?page_id=538"},"modified":"2026-03-29T16:30:31","modified_gmt":"2026-03-29T14:30:31","slug":"proben","status":"publish","type":"page","link":"https:\/\/ramtai.de\/lv\/proben\/","title":{"rendered":"M\u0113\u0123in\u0101jumi"},"content":{"rendered":"<h2 class=\"wp-block-heading\">M\u0113\u0123in\u0101jumu saraksts<\/h2>\n\n\n\n<div class=\"wp-block-columns is-layout-flex wp-container-core-columns-is-layout-8f761849 wp-block-columns-is-layout-flex\">\n<div class=\"wp-block-column is-layout-flow wp-block-column-is-layout-flow\">\n<div data-wp-interactive=\"core\/file\" class=\"wp-block-file\"><object data-wp-bind--hidden=\"!state.hasPdfPreview\" hidden class=\"wp-block-file__embed\" data=\"https:\/\/ramtai.de\/wp-content\/uploads\/2026\/03\/Ramtai-Termine-Infos-2026-2JH-HP.pdf\" type=\"application\/pdf\" style=\"width:100%;height:600px\" aria-label=\"Iegult Ramtai-Termine-Infos-2026-2JH-HP.\"><\/object><a id=\"wp-block-file--media-b1b76771-846a-4812-85a4-6e941faed804\" href=\"https:\/\/ramtai.de\/wp-content\/uploads\/2026\/03\/Ramtai-Termine-Infos-2026-2JH-HP.pdf\">Ramtai-Termine-Infos-2026-2JH-HP<\/a><a href=\"https:\/\/ramtai.de\/wp-content\/uploads\/2026\/03\/Ramtai-Termine-Infos-2026-2JH-HP.pdf\" class=\"wp-block-file__button wp-element-button\" download aria-describedby=\"wp-block-file--media-b1b76771-846a-4812-85a4-6e941faed804\">Lejupiel\u0101d\u0113t<\/a><\/div>\n<\/div>\n<\/div>\n\n\n\n<p class=\"wp-block-paragraph\"><\/p>","protected":false},"excerpt":{"rendered":"<p>M\u0113\u0123in\u0101jumu saraksts<\/p>","protected":false},"author":246161285,"featured_media":0,"parent":0,"menu_order":0,"comment_status":"closed","ping_status":"closed","template":"","meta":{"_crdt_document":"","advanced_seo_description":"","jetpack_seo_html_title":"","jetpack_seo_noindex":false,"footnotes":""},"tags":[],"class_list":["post-538","page","type-page","status-publish","hentry","without-featured-image"],"jetpack_likes_enabled":true,"jetpack_sharing_enabled":true,"jetpack_shortlink":"https:\/\/wp.me\/PfuJpM-8G","jetpack-related-posts":[],"_links":{"self":[{"href":"https:\/\/ramtai.de\/lv\/wp-json\/wp\/v2\/pages\/538","targetHints":{"allow":["GET"]}}],"collection":[{"href":"https:\/\/ramtai.de\/lv\/wp-json\/wp\/v2\/pages"}],"about":[{"href":"https:\/\/ramtai.de\/lv\/wp-json\/wp\/v2\/types\/page"}],"author":[{"embeddable":true,"href":"https:\/\/ramtai.de\/lv\/wp-json\/wp\/v2\/users\/246161285"}],"replies":[{"embeddable":true,"href":"https:\/\/ramtai.de\/lv\/wp-json\/wp\/v2\/comments?post=538"}],"version-history":[{"count":13,"href":"https:\/\/ramtai.de\/lv\/wp-json\/wp\/v2\/pages\/538\/revisions"}],"predecessor-version":[{"id":1773,"href":"https:\/\/ramtai.de\/lv\/wp-json\/wp\/v2\/pages\/538\/revisions\/1773"}],"wp:attachment":[{"href":"https:\/\/ramtai.de\/lv\/wp-json\/wp\/v2\/media?parent=538"}],"wp:term":[{"taxonomy":"post_tag","embeddable":true,"href":"https:\/\/ramtai.de\/lv\/wp-json\/wp\/v2\/tags?post=538"}],"curies":[{"name":"wp","href":"https:\/\/api.w.org\/{rel}","templated":true}]}}