{"id":65,"date":"2024-02-22T13:09:53","date_gmt":"2024-02-22T12:09:53","guid":{"rendered":"https:\/\/ramtai.de\/?page_id=65"},"modified":"2025-05-26T20:34:58","modified_gmt":"2025-05-26T18:34:58","slug":"kontakt-3","status":"publish","type":"page","link":"https:\/\/ramtai.de\/lv\/kontakt-3\/","title":{"rendered":"Kontakti"},"content":{"rendered":"<div class=\"wp-block-columns alignwide is-layout-flex wp-container-core-columns-is-layout-8f761849 wp-block-columns-is-layout-flex\">\n<div class=\"wp-block-column is-layout-flow wp-block-column-is-layout-flow\" style=\"flex-basis:50%\">\n<p class=\"wp-block-paragraph translation-block\">Ar mums sazin\u0101ties varat rakstot e-pastam:<br><a href=\"mailto:koris.ramtai@gmail.com\" target=\"_self\">\nkoris.ramtai@gmail.com<\/a><\/p>\n\n\n<div class=\"wp-block-jetpack-contact-form is-style-animated is-layout-flex wp-container-jetpack-contact-form-is-layout-7f6ac06e wp-block-jetpack-contact-form-is-layout-flex\"><a href=\"https:\/\/ramtai.de\/lv\/kontakt-3\/\" target=\"_blank\" rel=\"noopener noreferrer\">Submit a form.<\/a><\/div><\/div>\n\n\n\n<div class=\"wp-block-column is-layout-flow wp-block-column-is-layout-flow\" style=\"flex-basis:50%\">\n<p class=\"wp-block-paragraph\"><strong>Vai v\u0113laties atbalst\u012bt m\u016bsu darbu? M\u0113s priec\u0101tos par ziedojumiem!<\/strong><\/p>\n\n\n\n<p class=\"wp-block-paragraph\">Der lettische Chor Ramtai e. V.<br>c\/o Schelhaas<br>Neusser Stra\u00dfe 284-286<br>50733 K\u00f6ln&nbsp;<\/p>\n\n\n\n<p class=\"wp-block-paragraph translation-block\">Biedr\u012bbu re\u0123istrs: VR5257<br>Nodok\u013cu maks\u0101t\u0101ja numurs: 121\/5782\/6074<\/p>\n\n\n\n<p class=\"wp-block-paragraph\"><strong>Bankdetails:<\/strong> <br>Der lettische Chor RAMTAI e. V.<br>Deutsche Skatbank<br>IBAN: DE87 8306 5408 0005 5023 57<br>BIC: GENO DEF1 SLR<\/p>\n\n\n\n<p class=\"wp-block-paragraph translation-block\"><strong>PayPal:<\/strong> koris.ramtai@gmail.com<\/p>\n\n\n\n<p class=\"wp-block-paragraph\">L\u016bdzu, izmantojiet k\u0101du no iepriek\u0161 min\u0113taj\u0101m p\u0101rskait\u012bjuma iesp\u0113j\u0101m, lai veiktu ziedojumu.<\/p>\n\n\n\n<p class=\"wp-block-paragraph\"><strong>L\u016bdzu, sazinieties ar mums, ja v\u0113laties sa\u0146emt ziedojuma kv\u012bti!<\/strong><\/p>\n<\/div>\n<\/div>","protected":false},"excerpt":{"rendered":"<p>So erreicht Ihr unskoris.ramtai@gmail.com M\u00f6chtet Ihr unsere Arbeit unterst\u00fctzen? Wir freuen uns \u00fcber Spenden! Der lettische Chor Ramtai e. V.c\/o SchelhaasNeusser Stra\u00dfe 284-28650733 K\u00f6ln&nbsp; Vereinsregister: VR5257Steuernummer: 121\/5782\/6074 Bankdetails: Der lettische Chor RAMTAI e. V.Deutsche SkatbankIBAN: DE87 8306 5408 0005 5023 57BIC: GENO DEF1 SLR PayPal: koris.ramtai@gmail.com Bitte nutzt f\u00fcr Eure Spende eine der oben genannten&hellip; <a href=\"https:\/\/ramtai.de\/lv\/kontakt-3\/\" class=\"more-link\">Turpin\u0101t las\u012bt <span class=\"screen-reader-text\">Kontakti<\/span><\/a><\/p>","protected":false},"author":246161285,"featured_media":0,"parent":0,"menu_order":0,"comment_status":"closed","ping_status":"closed","template":"","meta":{"_crdt_document":"","advanced_seo_description":"Kontaktdaten des Chores Ramtai","jetpack_seo_html_title":"Kontakt","jetpack_seo_noindex":false,"footnotes":""},"tags":[],"class_list":["post-65","page","type-page","status-publish","hentry","without-featured-image"],"jetpack_likes_enabled":true,"jetpack_sharing_enabled":true,"jetpack_shortlink":"https:\/\/wp.me\/PfuJpM-13","jetpack-related-posts":[],"_links":{"self":[{"href":"https:\/\/ramtai.de\/lv\/wp-json\/wp\/v2\/pages\/65","targetHints":{"allow":["GET"]}}],"collection":[{"href":"https:\/\/ramtai.de\/lv\/wp-json\/wp\/v2\/pages"}],"about":[{"href":"https:\/\/ramtai.de\/lv\/wp-json\/wp\/v2\/types\/page"}],"author":[{"embeddable":true,"href":"https:\/\/ramtai.de\/lv\/wp-json\/wp\/v2\/users\/246161285"}],"replies":[{"embeddable":true,"href":"https:\/\/ramtai.de\/lv\/wp-json\/wp\/v2\/comments?post=65"}],"version-history":[{"count":17,"href":"https:\/\/ramtai.de\/lv\/wp-json\/wp\/v2\/pages\/65\/revisions"}],"predecessor-version":[{"id":1073,"href":"https:\/\/ramtai.de\/lv\/wp-json\/wp\/v2\/pages\/65\/revisions\/1073"}],"wp:attachment":[{"href":"https:\/\/ramtai.de\/lv\/wp-json\/wp\/v2\/media?parent=65"}],"wp:term":[{"taxonomy":"post_tag","embeddable":true,"href":"https:\/\/ramtai.de\/lv\/wp-json\/wp\/v2\/tags?post=65"}],"curies":[{"name":"wp","href":"https:\/\/api.w.org\/{rel}","templated":true}]}}